{"id":20747,"date":"2026-03-22T20:52:08","date_gmt":"2026-03-22T19:52:08","guid":{"rendered":"https:\/\/hotelaura.cz\/?page_id=20747"},"modified":"2026-05-02T07:42:27","modified_gmt":"2026-05-02T05:42:27","slug":"bazen","status":"publish","type":"page","link":"https:\/\/hotelaura.cz\/en\/bazen\/","title":{"rendered":"Swimming pool"},"content":{"rendered":"<div data-elementor-type=\"wp-page\" data-elementor-id=\"20747\" class=\"elementor elementor-20747\" data-elementor-post-type=\"page\">\n\t\t\t\t        <section class=\"elementor-section elementor-top-section elementor-element elementor-element-7f0c272 elementor-section-boxed elementor-section-height-default elementor-section-height-default pxl-section-static-pos-no pxl-section-overflow-hidden-no pxl-container-margin-auto-no\" data-id=\"7f0c272\" data-element_type=\"section\" data-e-type=\"section\">\n\n                \n                <div class=\"elementor-container elementor-column-gap-default\">\n                <div class=\"elementor-column elementor-col-100 elementor-top-column elementor-element elementor-element-d166102 col-offset-none pxl-column-element-default pxl-column-overflow-hidden-no\" data-id=\"d166102\" data-element_type=\"column\" data-e-type=\"column\">\r\n        <div class=\"elementor-widget-wrap elementor-element-populated\">\r\n                    \t\t<div class=\"elementor-element elementor-element-4088c2d elementor-widget elementor-widget-pxl_heading\" data-id=\"4088c2d\" data-element_type=\"widget\" data-e-type=\"widget\" data-settings=\"{&quot;title_custom_effect&quot;:&quot;none&quot;}\" data-widget_type=\"pxl_heading.default\">\n\t\t\t\t<div class=\"elementor-widget-container\">\n\t\t\t\t\t<div class=\"pxl-heading-wrap d-flex\">\n    <div class=\"pxl-heading-inner center\">\n                    <div class=\"heading-subtitle divider-both\">\n                <div class=\"subtitle-text\">About our pool<\/div>\n            <\/div>\n                <h2 class=\"heading-title\">\n                                    Relax by the pool, which is unparalleled in Prague                     <\/h2>\n            <\/div>\n<\/div>\n\n\t\t\t\t<\/div>\n\t\t\t\t<\/div>\n\t\t\t\t<div class=\"elementor-element elementor-element-18ed8da elementor-invisible pxl-elementor-animate elementor-widget elementor-widget-pxl_text_editor\" data-id=\"18ed8da\" data-element_type=\"widget\" data-e-type=\"widget\" data-settings=\"{&quot;_animation&quot;:&quot;fadeInUp&quot;}\" data-widget_type=\"pxl_text_editor.default\">\n\t\t\t\t<div class=\"elementor-widget-container\">\n\t\t\t\t\t<div id=\"pxl_text_editor-18ed8da-7514\" class=\"pxl-text-editor-wrap d-flex\" >\n\t<div class=\"pxl-text-editor elementor-clearfix\">\n\t\t<p>Treat yourself to a unique experience in an environment that you won't find in Prague. Our hotel offers an exclusive outdoor stainless steel swimming pool that meets the highest standards of quality, cleanliness and modern design. The combination of elegance, comfort and a peaceful atmosphere creates an ideal place for relaxation and active moments by the water.<\/p>\t\t\n\t<\/div>\n<\/div>\t\t\t\t<\/div>\n\t\t\t\t<\/div>\n\t\t\t\t<div class=\"elementor-element elementor-element-6dc5d0c elementor-align-center elementor-invisible pxl-elementor-animate elementor-widget elementor-widget-pxl_button\" data-id=\"6dc5d0c\" data-element_type=\"widget\" data-e-type=\"widget\" data-settings=\"{&quot;_animation&quot;:&quot;fadeInUp&quot;}\" data-widget_type=\"pxl_button.default\">\n\t\t\t\t<div class=\"elementor-widget-container\">\n\t\t\t\t\t<div id=\"pxl_button-6dc5d0c-1144\" class=\"pxl-button-wrapper d-flex-wrap pxl-button-layout1\" >\r\n    <a href=\"https:\/\/hotel-aura-praha-s-r-o.reservio.com\/\" target=\"_blank\" class=\"pxl-btn btn-secondary light icon-ps-right\">\r\n        <span class=\"pxl-button-text\">Reserve a pool<\/span>\r\n            <\/a>\r\n<\/div>\t\t\t\t<\/div>\n\t\t\t\t<\/div>\n\t\t                    <\/div>\r\n        <\/div>\r\n        \t\t\t<\/div>\n\t\t<\/section>\n\t\t        <section class=\"elementor-section elementor-top-section elementor-element elementor-element-fb0b61c elementor-section-boxed elementor-section-height-default elementor-section-height-default pxl-section-static-pos-no pxl-section-overflow-hidden-no pxl-container-margin-auto-no\" data-id=\"fb0b61c\" data-element_type=\"section\" data-e-type=\"section\">\n\n                \n                <div class=\"elementor-container elementor-column-gap-default\">\n                <div class=\"elementor-column elementor-col-50 elementor-top-column elementor-element elementor-element-ccf79d8 col-offset-none pxl-column-element-default pxl-column-overflow-hidden-no\" data-id=\"ccf79d8\" data-element_type=\"column\" data-e-type=\"column\">\r\n        <div class=\"elementor-widget-wrap elementor-element-populated\">\r\n                    \t\t<div class=\"elementor-element elementor-element-8da92fc elementor-invisible pxl-elementor-animate elementor-widget elementor-widget-text-editor\" data-id=\"8da92fc\" data-element_type=\"widget\" data-e-type=\"widget\" data-settings=\"{&quot;_animation&quot;:&quot;fadeInUp&quot;}\" data-widget_type=\"text-editor.default\">\n\t\t\t\t\t\t\t\t\t<p data-start=\"477\" data-end=\"733\">The complex also features an outdoor hot tub, which is available all year round. With a pleasant temperature of 36\u00b0C, you can enjoy it even on colder days and relax in the open air. The pool is open from April to October and heated to a comfortable 27\u00b0C.<\/p><p data-start=\"735\" data-end=\"971\">The pool area is designed for maximum comfort - there are sun loungers, parasols, hotel beach towels and a spacious sun terrace. Families with children will also enjoy the nearby playground, which expands the possibilities for spending their free time.<\/p><p data-start=\"973\" data-end=\"1102\">Enjoy a day full of comfort, sun and relaxation in an environment that combines the atmosphere of garden tranquility with the comfort of hotel services.<\/p>\t\t\t\t\t\t\t\t<\/div>\n\t\t                    <\/div>\r\n        <\/div>\r\n                <div class=\"elementor-column elementor-col-50 elementor-top-column elementor-element elementor-element-e342bcf col-offset-none pxl-column-element-default pxl-column-overflow-hidden-no\" data-id=\"e342bcf\" data-element_type=\"column\" data-e-type=\"column\">\r\n        <div class=\"elementor-widget-wrap elementor-element-populated\">\r\n                    \t\t<div class=\"elementor-element elementor-element-d4e4ff5 elementor-widget elementor-widget-heading\" data-id=\"d4e4ff5\" data-element_type=\"widget\" data-e-type=\"widget\" data-widget_type=\"heading.default\">\n\t\t\t\t\t<h2 class=\"elementor-heading-title elementor-size-default\">Available:<\/h2>\t\t\t\t<\/div>\n\t\t\t\t<div class=\"elementor-element elementor-element-972e839 elementor-icon-list--layout-traditional elementor-list-item-link-full_width elementor-invisible pxl-elementor-animate elementor-widget elementor-widget-icon-list\" data-id=\"972e839\" data-element_type=\"widget\" data-e-type=\"widget\" data-settings=\"{&quot;_animation&quot;:&quot;fadeInUp&quot;}\" data-widget_type=\"icon-list.default\">\n\t\t\t\t\t\t\t<ul class=\"elementor-icon-list-items\">\n\t\t\t\t\t\t\t<li class=\"elementor-icon-list-item\">\n\t\t\t\t\t\t\t\t\t\t\t<span class=\"elementor-icon-list-icon\">\n\t\t\t\t\t\t\t<i aria-hidden=\"true\" class=\"far fa-swimming-pool\"><\/i>\t\t\t\t\t\t<\/span>\n\t\t\t\t\t\t\t\t\t\t<span class=\"elementor-icon-list-text\">Outdoor stainless steel pool (April\u2013October, heated to 27\u00b0C)<\/span>\n\t\t\t\t\t\t\t\t\t<\/li>\n\t\t\t\t\t\t\t\t<li class=\"elementor-icon-list-item\">\n\t\t\t\t\t\t\t\t\t\t\t<span class=\"elementor-icon-list-icon\">\n\t\t\t\t\t\t\t<i aria-hidden=\"true\" class=\"far fa-hot-tub\"><\/i>\t\t\t\t\t\t<\/span>\n\t\t\t\t\t\t\t\t\t\t<span class=\"elementor-icon-list-text\">Outdoor jacuzzi (year-round, 36 \u00b0C)<\/span>\n\t\t\t\t\t\t\t\t\t<\/li>\n\t\t\t\t\t\t\t\t<li class=\"elementor-icon-list-item\">\n\t\t\t\t\t\t\t\t\t\t\t<span class=\"elementor-icon-list-icon\">\n\t\t\t\t\t\t\t<i aria-hidden=\"true\" class=\"far fa-umbrella-beach\"><\/i>\t\t\t\t\t\t<\/span>\n\t\t\t\t\t\t\t\t\t\t<span class=\"elementor-icon-list-text\">Sun loungers and parasols<\/span>\n\t\t\t\t\t\t\t\t\t<\/li>\n\t\t\t\t\t\t\t\t<li class=\"elementor-icon-list-item\">\n\t\t\t\t\t\t\t\t\t\t\t<span class=\"elementor-icon-list-icon\">\n\t\t\t\t\t\t\t<i aria-hidden=\"true\" class=\"far fa-blanket\"><\/i>\t\t\t\t\t\t<\/span>\n\t\t\t\t\t\t\t\t\t\t<span class=\"elementor-icon-list-text\">Beach hotel towels<\/span>\n\t\t\t\t\t\t\t\t\t<\/li>\n\t\t\t\t\t\t\t\t<li class=\"elementor-icon-list-item\">\n\t\t\t\t\t\t\t\t\t\t\t<span class=\"elementor-icon-list-icon\">\n\t\t\t\t\t\t\t<i aria-hidden=\"true\" class=\"fal fa-sunglasses\"><\/i>\t\t\t\t\t\t<\/span>\n\t\t\t\t\t\t\t\t\t\t<span class=\"elementor-icon-list-text\">Sun terrace<\/span>\n\t\t\t\t\t\t\t\t\t<\/li>\n\t\t\t\t\t\t\t\t<li class=\"elementor-icon-list-item\">\n\t\t\t\t\t\t\t\t\t\t\t<span class=\"elementor-icon-list-icon\">\n\t\t\t\t\t\t\t<i aria-hidden=\"true\" class=\"far fa-child\"><\/i>\t\t\t\t\t\t<\/span>\n\t\t\t\t\t\t\t\t\t\t<span class=\"elementor-icon-list-text\">Playground<\/span>\n\t\t\t\t\t\t\t\t\t<\/li>\n\t\t\t\t\t\t<\/ul>\n\t\t\t\t\t\t<\/div>\n\t\t                    <\/div>\r\n        <\/div>\r\n        \t\t\t<\/div>\n\t\t<\/section>\n\t\t        <section class=\"elementor-section elementor-top-section elementor-element elementor-element-1b7bdab elementor-section-boxed elementor-section-height-default elementor-section-height-default pxl-section-static-pos-no pxl-section-overflow-hidden-no pxl-container-margin-auto-no\" data-id=\"1b7bdab\" data-element_type=\"section\" data-e-type=\"section\">\n\n                \n                <div class=\"elementor-container elementor-column-gap-default\">\n                <div class=\"elementor-column elementor-col-100 elementor-top-column elementor-element elementor-element-94ccbf3 col-offset-none pxl-column-element-default pxl-column-overflow-hidden-no\" data-id=\"94ccbf3\" data-element_type=\"column\" data-e-type=\"column\">\r\n        <div class=\"elementor-widget-wrap elementor-element-populated\">\r\n                    \t\t<div class=\"elementor-element elementor-element-98ca9c4 elementor-widget elementor-widget-pxl_heading\" data-id=\"98ca9c4\" data-element_type=\"widget\" data-e-type=\"widget\" data-settings=\"{&quot;title_custom_effect&quot;:&quot;none&quot;}\" data-widget_type=\"pxl_heading.default\">\n\t\t\t\t<div class=\"elementor-widget-container\">\n\t\t\t\t\t<div class=\"pxl-heading-wrap d-flex\">\n    <div class=\"pxl-heading-inner center\">\n                <h2 class=\"heading-title pxl-split-text split-in-up\">\n                                    Photos                     <\/h2>\n            <\/div>\n<\/div>\n\n\t\t\t\t<\/div>\n\t\t\t\t<\/div>\n\t\t\t\t<div class=\"elementor-element elementor-element-44fb5b8 elementor-widget elementor-widget-gallery\" data-id=\"44fb5b8\" data-element_type=\"widget\" data-e-type=\"widget\" data-settings=\"{&quot;columns&quot;:5,&quot;lazyload&quot;:&quot;yes&quot;,&quot;gallery_layout&quot;:&quot;grid&quot;,&quot;columns_tablet&quot;:2,&quot;columns_mobile&quot;:1,&quot;gap&quot;:{&quot;unit&quot;:&quot;px&quot;,&quot;size&quot;:10,&quot;sizes&quot;:[]},&quot;gap_laptop&quot;:{&quot;unit&quot;:&quot;px&quot;,&quot;size&quot;:10,&quot;sizes&quot;:[]},&quot;gap_tablet_extra&quot;:{&quot;unit&quot;:&quot;px&quot;,&quot;size&quot;:10,&quot;sizes&quot;:[]},&quot;gap_tablet&quot;:{&quot;unit&quot;:&quot;px&quot;,&quot;size&quot;:10,&quot;sizes&quot;:[]},&quot;gap_mobile_extra&quot;:{&quot;unit&quot;:&quot;px&quot;,&quot;size&quot;:10,&quot;sizes&quot;:[]},&quot;gap_mobile&quot;:{&quot;unit&quot;:&quot;px&quot;,&quot;size&quot;:10,&quot;sizes&quot;:[]},&quot;link_to&quot;:&quot;file&quot;,&quot;aspect_ratio&quot;:&quot;3:2&quot;,&quot;overlay_background&quot;:&quot;yes&quot;,&quot;content_hover_animation&quot;:&quot;fade-in&quot;}\" data-widget_type=\"gallery.default\">\n\t\t\t\t\t\t\t<div class=\"elementor-gallery__container\">\n\t\t\t\t\t\t\t<a class=\"e-gallery-item elementor-gallery-item elementor-animated-content\" href=\"https:\/\/hotelaura.cz\/wp-content\/uploads\/2026\/02\/2024_08-Hotel-Aura-131-Velky.jpg\" data-elementor-open-lightbox=\"yes\" data-elementor-lightbox-slideshow=\"44fb5b8\" data-e-action-hash=\"#elementor-action%3Aaction%3Dlightbox%26settings%3DeyJpZCI6MjA1OTYsInVybCI6Imh0dHBzOlwvXC9ob3RlbGF1cmEuY3pcL3dwLWNvbnRlbnRcL3VwbG9hZHNcLzIwMjZcLzAyXC8yMDI0XzA4LUhvdGVsLUF1cmEtMTMxLVZlbGt5LmpwZyIsInNsaWRlc2hvdyI6IjQ0ZmI1YjgifQ%3D%3D\">\n\t\t\t\t\t<div class=\"e-gallery-image elementor-gallery-item__image\" data-thumbnail=\"https:\/\/hotelaura.cz\/wp-content\/uploads\/2026\/02\/2024_08-Hotel-Aura-131-Velky-740x574.jpg\" data-width=\"740\" data-height=\"574\" aria-label=\"\" role=\"img\" ><\/div>\n\t\t\t\t\t\t\t\t\t\t\t<div class=\"elementor-gallery-item__overlay\"><\/div>\n\t\t\t\t\t\t\t\t\t\t\t\t\t\t<\/a>\n\t\t\t\t\t\t\t<a class=\"e-gallery-item elementor-gallery-item elementor-animated-content\" href=\"https:\/\/hotelaura.cz\/wp-content\/uploads\/2026\/02\/VIP-zona-Velky.jpg\" data-elementor-open-lightbox=\"yes\" data-elementor-lightbox-slideshow=\"44fb5b8\" data-e-action-hash=\"#elementor-action%3Aaction%3Dlightbox%26settings%3DeyJpZCI6MjA2MDAsInVybCI6Imh0dHBzOlwvXC9ob3RlbGF1cmEuY3pcL3dwLWNvbnRlbnRcL3VwbG9hZHNcLzIwMjZcLzAyXC9WSVAtem9uYS1WZWxreS5qcGciLCJzbGlkZXNob3ciOiI0NGZiNWI4In0%3D\">\n\t\t\t\t\t<div class=\"e-gallery-image elementor-gallery-item__image\" data-thumbnail=\"https:\/\/hotelaura.cz\/wp-content\/uploads\/2026\/02\/VIP-zona-Velky-740x574.jpg\" data-width=\"740\" data-height=\"574\" aria-label=\"\" role=\"img\" ><\/div>\n\t\t\t\t\t\t\t\t\t\t\t<div class=\"elementor-gallery-item__overlay\"><\/div>\n\t\t\t\t\t\t\t\t\t\t\t\t\t\t<\/a>\n\t\t\t\t\t\t\t<a class=\"e-gallery-item elementor-gallery-item elementor-animated-content\" href=\"https:\/\/hotelaura.cz\/wp-content\/uploads\/2026\/02\/2024_08-Hotel-Aura-115-Velky.jpg\" data-elementor-open-lightbox=\"yes\" data-elementor-lightbox-slideshow=\"44fb5b8\" data-e-action-hash=\"#elementor-action%3Aaction%3Dlightbox%26settings%3DeyJpZCI6MjA1OTUsInVybCI6Imh0dHBzOlwvXC9ob3RlbGF1cmEuY3pcL3dwLWNvbnRlbnRcL3VwbG9hZHNcLzIwMjZcLzAyXC8yMDI0XzA4LUhvdGVsLUF1cmEtMTE1LVZlbGt5LmpwZyIsInNsaWRlc2hvdyI6IjQ0ZmI1YjgifQ%3D%3D\">\n\t\t\t\t\t<div class=\"e-gallery-image elementor-gallery-item__image\" data-thumbnail=\"https:\/\/hotelaura.cz\/wp-content\/uploads\/2026\/02\/2024_08-Hotel-Aura-115-Velky-740x574.jpg\" data-width=\"740\" data-height=\"574\" aria-label=\"\" role=\"img\" ><\/div>\n\t\t\t\t\t\t\t\t\t\t\t<div class=\"elementor-gallery-item__overlay\"><\/div>\n\t\t\t\t\t\t\t\t\t\t\t\t\t\t<\/a>\n\t\t\t\t\t\t\t<a class=\"e-gallery-item elementor-gallery-item elementor-animated-content\" href=\"https:\/\/hotelaura.cz\/wp-content\/uploads\/2026\/02\/2024_08-Hotel-Aura-1-Velky.jpg\" data-elementor-open-lightbox=\"yes\" data-elementor-lightbox-slideshow=\"44fb5b8\" data-e-action-hash=\"#elementor-action%3Aaction%3Dlightbox%26settings%3DeyJpZCI6MjA1ODgsInVybCI6Imh0dHBzOlwvXC9ob3RlbGF1cmEuY3pcL3dwLWNvbnRlbnRcL3VwbG9hZHNcLzIwMjZcLzAyXC8yMDI0XzA4LUhvdGVsLUF1cmEtMS1WZWxreS5qcGciLCJzbGlkZXNob3ciOiI0NGZiNWI4In0%3D\">\n\t\t\t\t\t<div class=\"e-gallery-image elementor-gallery-item__image\" data-thumbnail=\"https:\/\/hotelaura.cz\/wp-content\/uploads\/2026\/02\/2024_08-Hotel-Aura-1-Velky-740x574.jpg\" data-width=\"740\" data-height=\"574\" aria-label=\"\" role=\"img\" ><\/div>\n\t\t\t\t\t\t\t\t\t\t\t<div class=\"elementor-gallery-item__overlay\"><\/div>\n\t\t\t\t\t\t\t\t\t\t\t\t\t\t<\/a>\n\t\t\t\t\t\t\t<a class=\"e-gallery-item elementor-gallery-item elementor-animated-content\" href=\"https:\/\/hotelaura.cz\/wp-content\/uploads\/2026\/01\/2024_08-Hotel-Aura-113-Velky.jpg\" data-elementor-open-lightbox=\"yes\" data-elementor-lightbox-slideshow=\"44fb5b8\" data-e-action-hash=\"#elementor-action%3Aaction%3Dlightbox%26settings%3DeyJpZCI6MjAzNTMsInVybCI6Imh0dHBzOlwvXC9ob3RlbGF1cmEuY3pcL3dwLWNvbnRlbnRcL3VwbG9hZHNcLzIwMjZcLzAxXC8yMDI0XzA4LUhvdGVsLUF1cmEtMTEzLVZlbGt5LmpwZyIsInNsaWRlc2hvdyI6IjQ0ZmI1YjgifQ%3D%3D\">\n\t\t\t\t\t<div class=\"e-gallery-image elementor-gallery-item__image\" data-thumbnail=\"https:\/\/hotelaura.cz\/wp-content\/uploads\/2026\/01\/2024_08-Hotel-Aura-113-Velky-740x574.jpg\" data-width=\"740\" data-height=\"574\" aria-label=\"\" role=\"img\" ><\/div>\n\t\t\t\t\t\t\t\t\t\t\t<div class=\"elementor-gallery-item__overlay\"><\/div>\n\t\t\t\t\t\t\t\t\t\t\t\t\t\t<\/a>\n\t\t\t\t\t\t\t<a class=\"e-gallery-item elementor-gallery-item elementor-animated-content\" href=\"https:\/\/hotelaura.cz\/wp-content\/uploads\/2026\/02\/2024_08-Hotel-Aura-101-Velky.jpg\" data-elementor-open-lightbox=\"yes\" data-elementor-lightbox-slideshow=\"44fb5b8\" data-e-action-hash=\"#elementor-action%3Aaction%3Dlightbox%26settings%3DeyJpZCI6MjA1OTMsInVybCI6Imh0dHBzOlwvXC9ob3RlbGF1cmEuY3pcL3dwLWNvbnRlbnRcL3VwbG9hZHNcLzIwMjZcLzAyXC8yMDI0XzA4LUhvdGVsLUF1cmEtMTAxLVZlbGt5LmpwZyIsInNsaWRlc2hvdyI6IjQ0ZmI1YjgifQ%3D%3D\">\n\t\t\t\t\t<div class=\"e-gallery-image elementor-gallery-item__image\" data-thumbnail=\"https:\/\/hotelaura.cz\/wp-content\/uploads\/2026\/02\/2024_08-Hotel-Aura-101-Velky-740x574.jpg\" data-width=\"740\" data-height=\"574\" aria-label=\"\" role=\"img\" ><\/div>\n\t\t\t\t\t\t\t\t\t\t\t<div class=\"elementor-gallery-item__overlay\"><\/div>\n\t\t\t\t\t\t\t\t\t\t\t\t\t\t<\/a>\n\t\t\t\t\t\t\t<a class=\"e-gallery-item elementor-gallery-item elementor-animated-content\" href=\"https:\/\/hotelaura.cz\/wp-content\/uploads\/2026\/02\/2024_08-Hotel-Aura-107-Velky.jpg\" data-elementor-open-lightbox=\"yes\" data-elementor-lightbox-slideshow=\"44fb5b8\" data-e-action-hash=\"#elementor-action%3Aaction%3Dlightbox%26settings%3DeyJpZCI6MjA1OTQsInVybCI6Imh0dHBzOlwvXC9ob3RlbGF1cmEuY3pcL3dwLWNvbnRlbnRcL3VwbG9hZHNcLzIwMjZcLzAyXC8yMDI0XzA4LUhvdGVsLUF1cmEtMTA3LVZlbGt5LmpwZyIsInNsaWRlc2hvdyI6IjQ0ZmI1YjgifQ%3D%3D\">\n\t\t\t\t\t<div class=\"e-gallery-image elementor-gallery-item__image\" data-thumbnail=\"https:\/\/hotelaura.cz\/wp-content\/uploads\/2026\/02\/2024_08-Hotel-Aura-107-Velky-740x574.jpg\" data-width=\"740\" data-height=\"574\" aria-label=\"\" role=\"img\" ><\/div>\n\t\t\t\t\t\t\t\t\t\t\t<div class=\"elementor-gallery-item__overlay\"><\/div>\n\t\t\t\t\t\t\t\t\t\t\t\t\t\t<\/a>\n\t\t\t\t\t\t\t<a class=\"e-gallery-item elementor-gallery-item elementor-animated-content\" href=\"https:\/\/hotelaura.cz\/wp-content\/uploads\/2026\/02\/Hotel-Aura-bazen-Hiress_0001-8-Velky.jpg\" data-elementor-open-lightbox=\"yes\" data-elementor-lightbox-slideshow=\"44fb5b8\" data-e-action-hash=\"#elementor-action%3Aaction%3Dlightbox%26settings%3DeyJpZCI6MjA1OTcsInVybCI6Imh0dHBzOlwvXC9ob3RlbGF1cmEuY3pcL3dwLWNvbnRlbnRcL3VwbG9hZHNcLzIwMjZcLzAyXC9Ib3RlbC1BdXJhLWJhemVuLUhpcmVzc18wMDAxLTgtVmVsa3kuanBnIiwic2xpZGVzaG93IjoiNDRmYjViOCJ9\">\n\t\t\t\t\t<div class=\"e-gallery-image elementor-gallery-item__image\" data-thumbnail=\"https:\/\/hotelaura.cz\/wp-content\/uploads\/2026\/02\/Hotel-Aura-bazen-Hiress_0001-8-Velky-740x574.jpg\" data-width=\"740\" data-height=\"574\" aria-label=\"\" role=\"img\" ><\/div>\n\t\t\t\t\t\t\t\t\t\t\t<div class=\"elementor-gallery-item__overlay\"><\/div>\n\t\t\t\t\t\t\t\t\t\t\t\t\t\t<\/a>\n\t\t\t\t\t\t\t<a class=\"e-gallery-item elementor-gallery-item elementor-animated-content\" href=\"https:\/\/hotelaura.cz\/wp-content\/uploads\/2024\/02\/2024_08-Hotel-Aura-82-Velky.jpg\" data-elementor-open-lightbox=\"yes\" data-elementor-lightbox-slideshow=\"44fb5b8\" data-e-action-hash=\"#elementor-action%3Aaction%3Dlightbox%26settings%3DeyJpZCI6MjAzNDYsInVybCI6Imh0dHBzOlwvXC9ob3RlbGF1cmEuY3pcL3dwLWNvbnRlbnRcL3VwbG9hZHNcLzIwMjRcLzAyXC8yMDI0XzA4LUhvdGVsLUF1cmEtODItVmVsa3kuanBnIiwic2xpZGVzaG93IjoiNDRmYjViOCJ9\">\n\t\t\t\t\t<div class=\"e-gallery-image elementor-gallery-item__image\" data-thumbnail=\"https:\/\/hotelaura.cz\/wp-content\/uploads\/2024\/02\/2024_08-Hotel-Aura-82-Velky-740x574.jpg\" data-width=\"740\" data-height=\"574\" aria-label=\"\" role=\"img\" ><\/div>\n\t\t\t\t\t\t\t\t\t\t\t<div class=\"elementor-gallery-item__overlay\"><\/div>\n\t\t\t\t\t\t\t\t\t\t\t\t\t\t<\/a>\n\t\t\t\t\t\t\t<a class=\"e-gallery-item elementor-gallery-item elementor-animated-content\" href=\"https:\/\/hotelaura.cz\/wp-content\/uploads\/2026\/02\/2024_08-Hotel-Aura-12-Velky.jpg\" data-elementor-open-lightbox=\"yes\" data-elementor-lightbox-slideshow=\"44fb5b8\" data-e-action-hash=\"#elementor-action%3Aaction%3Dlightbox%26settings%3DeyJpZCI6MjA1OTEsInVybCI6Imh0dHBzOlwvXC9ob3RlbGF1cmEuY3pcL3dwLWNvbnRlbnRcL3VwbG9hZHNcLzIwMjZcLzAyXC8yMDI0XzA4LUhvdGVsLUF1cmEtMTItVmVsa3kuanBnIiwic2xpZGVzaG93IjoiNDRmYjViOCJ9\">\n\t\t\t\t\t<div class=\"e-gallery-image elementor-gallery-item__image\" data-thumbnail=\"https:\/\/hotelaura.cz\/wp-content\/uploads\/2026\/02\/2024_08-Hotel-Aura-12-Velky-740x574.jpg\" data-width=\"740\" data-height=\"574\" aria-label=\"\" role=\"img\" ><\/div>\n\t\t\t\t\t\t\t\t\t\t\t<div class=\"elementor-gallery-item__overlay\"><\/div>\n\t\t\t\t\t\t\t\t\t\t\t\t\t\t<\/a>\n\t\t\t\t\t\t\t<a class=\"e-gallery-item elementor-gallery-item elementor-animated-content\" href=\"https:\/\/hotelaura.cz\/wp-content\/uploads\/2026\/02\/2024_08-Hotel-Aura-3-Velky.jpg\" data-elementor-open-lightbox=\"yes\" data-elementor-lightbox-slideshow=\"44fb5b8\" data-e-action-hash=\"#elementor-action%3Aaction%3Dlightbox%26settings%3DeyJpZCI6MjA1ODksInVybCI6Imh0dHBzOlwvXC9ob3RlbGF1cmEuY3pcL3dwLWNvbnRlbnRcL3VwbG9hZHNcLzIwMjZcLzAyXC8yMDI0XzA4LUhvdGVsLUF1cmEtMy1WZWxreS5qcGciLCJzbGlkZXNob3ciOiI0NGZiNWI4In0%3D\">\n\t\t\t\t\t<div class=\"e-gallery-image elementor-gallery-item__image\" data-thumbnail=\"https:\/\/hotelaura.cz\/wp-content\/uploads\/2026\/02\/2024_08-Hotel-Aura-3-Velky-740x574.jpg\" data-width=\"740\" data-height=\"574\" aria-label=\"\" role=\"img\" ><\/div>\n\t\t\t\t\t\t\t\t\t\t\t<div class=\"elementor-gallery-item__overlay\"><\/div>\n\t\t\t\t\t\t\t\t\t\t\t\t\t\t<\/a>\n\t\t\t\t\t\t\t<a class=\"e-gallery-item elementor-gallery-item elementor-animated-content\" href=\"https:\/\/hotelaura.cz\/wp-content\/uploads\/2026\/02\/2024_08-Hotel-Aura-8-Velky.jpg\" data-elementor-open-lightbox=\"yes\" data-elementor-lightbox-slideshow=\"44fb5b8\" data-e-action-hash=\"#elementor-action%3Aaction%3Dlightbox%26settings%3DeyJpZCI6MjA1OTAsInVybCI6Imh0dHBzOlwvXC9ob3RlbGF1cmEuY3pcL3dwLWNvbnRlbnRcL3VwbG9hZHNcLzIwMjZcLzAyXC8yMDI0XzA4LUhvdGVsLUF1cmEtOC1WZWxreS5qcGciLCJzbGlkZXNob3ciOiI0NGZiNWI4In0%3D\">\n\t\t\t\t\t<div class=\"e-gallery-image elementor-gallery-item__image\" data-thumbnail=\"https:\/\/hotelaura.cz\/wp-content\/uploads\/2026\/02\/2024_08-Hotel-Aura-8-Velky-740x574.jpg\" data-width=\"740\" data-height=\"574\" aria-label=\"\" role=\"img\" ><\/div>\n\t\t\t\t\t\t\t\t\t\t\t<div class=\"elementor-gallery-item__overlay\"><\/div>\n\t\t\t\t\t\t\t\t\t\t\t\t\t\t<\/a>\n\t\t\t\t\t\t\t<a class=\"e-gallery-item elementor-gallery-item elementor-animated-content\" href=\"https:\/\/hotelaura.cz\/wp-content\/uploads\/2026\/02\/Lehatka-u-bazenu-Velky.jpg\" data-elementor-open-lightbox=\"yes\" data-elementor-lightbox-slideshow=\"44fb5b8\" data-e-action-hash=\"#elementor-action%3Aaction%3Dlightbox%26settings%3DeyJpZCI6MjA1OTgsInVybCI6Imh0dHBzOlwvXC9ob3RlbGF1cmEuY3pcL3dwLWNvbnRlbnRcL3VwbG9hZHNcLzIwMjZcLzAyXC9MZWhhdGthLXUtYmF6ZW51LVZlbGt5LmpwZyIsInNsaWRlc2hvdyI6IjQ0ZmI1YjgifQ%3D%3D\">\n\t\t\t\t\t<div class=\"e-gallery-image elementor-gallery-item__image\" data-thumbnail=\"https:\/\/hotelaura.cz\/wp-content\/uploads\/2026\/02\/Lehatka-u-bazenu-Velky-740x574.jpg\" data-width=\"740\" data-height=\"574\" aria-label=\"\" role=\"img\" ><\/div>\n\t\t\t\t\t\t\t\t\t\t\t<div class=\"elementor-gallery-item__overlay\"><\/div>\n\t\t\t\t\t\t\t\t\t\t\t\t\t\t<\/a>\n\t\t\t\t\t\t\t<a class=\"e-gallery-item elementor-gallery-item elementor-animated-content\" href=\"https:\/\/hotelaura.cz\/wp-content\/uploads\/2026\/02\/VIP-zona-2-Velky.jpg\" data-elementor-open-lightbox=\"yes\" data-elementor-lightbox-slideshow=\"44fb5b8\" data-e-action-hash=\"#elementor-action%3Aaction%3Dlightbox%26settings%3DeyJpZCI6MjA1OTksInVybCI6Imh0dHBzOlwvXC9ob3RlbGF1cmEuY3pcL3dwLWNvbnRlbnRcL3VwbG9hZHNcLzIwMjZcLzAyXC9WSVAtem9uYS0yLVZlbGt5LmpwZyIsInNsaWRlc2hvdyI6IjQ0ZmI1YjgifQ%3D%3D\">\n\t\t\t\t\t<div class=\"e-gallery-image elementor-gallery-item__image\" data-thumbnail=\"https:\/\/hotelaura.cz\/wp-content\/uploads\/2026\/02\/VIP-zona-2-Velky-740x574.jpg\" data-width=\"740\" data-height=\"574\" aria-label=\"\" role=\"img\" ><\/div>\n\t\t\t\t\t\t\t\t\t\t\t<div class=\"elementor-gallery-item__overlay\"><\/div>\n\t\t\t\t\t\t\t\t\t\t\t\t\t\t<\/a>\n\t\t\t\t\t\t\t<a class=\"e-gallery-item elementor-gallery-item elementor-animated-content\" href=\"https:\/\/hotelaura.cz\/wp-content\/uploads\/2024\/02\/2024_08-Hotel-Aura-143-Velky.jpg\" data-elementor-open-lightbox=\"yes\" data-elementor-lightbox-slideshow=\"44fb5b8\" data-e-action-hash=\"#elementor-action%3Aaction%3Dlightbox%26settings%3DeyJpZCI6MjAzNjMsInVybCI6Imh0dHBzOlwvXC9ob3RlbGF1cmEuY3pcL3dwLWNvbnRlbnRcL3VwbG9hZHNcLzIwMjRcLzAyXC8yMDI0XzA4LUhvdGVsLUF1cmEtMTQzLVZlbGt5LmpwZyIsInNsaWRlc2hvdyI6IjQ0ZmI1YjgifQ%3D%3D\">\n\t\t\t\t\t<div class=\"e-gallery-image elementor-gallery-item__image\" data-thumbnail=\"https:\/\/hotelaura.cz\/wp-content\/uploads\/2024\/02\/2024_08-Hotel-Aura-143-Velky-740x574.jpg\" data-width=\"740\" data-height=\"574\" aria-label=\"\" role=\"img\" ><\/div>\n\t\t\t\t\t\t\t\t\t\t\t<div class=\"elementor-gallery-item__overlay\"><\/div>\n\t\t\t\t\t\t\t\t\t\t\t\t\t\t<\/a>\n\t\t\t\t\t<\/div>\n\t\t\t\t\t<\/div>\n\t\t                    <\/div>\r\n        <\/div>\r\n        \t\t\t<\/div>\n\t\t<\/section>\n\t\t\t\t<\/div>","protected":false},"excerpt":{"rendered":"<p>O na\u0161em baz\u00e9nu Relax u baz\u00e9nu, kter\u00fd v Praze nem\u00e1 obdoby Dop\u0159ejte si jedine\u010dn\u00fd z\u00e1\u017eitek v prost\u0159ed\u00ed, kter\u00e9 v Praze jen tak nenajdete. N\u00e1\u0161 hotel nab\u00edz\u00ed exkluzivn\u00ed venkovn\u00ed nerezov\u00fd baz\u00e9n, kter\u00fd spl\u0148uje nejvy\u0161\u0161\u00ed n\u00e1roky na kvalitu, \u010distotu i modern\u00ed design. Spojen\u00ed elegance, pohodl\u00ed a klidn\u00e9 atmosf\u00e9ry vytv\u00e1\u0159\u00ed ide\u00e1ln\u00ed m\u00edsto pro odpo\u010dinek i aktivn\u00ed chv\u00edle u [&hellip;]<\/p>\n","protected":false},"author":1,"featured_media":0,"parent":0,"menu_order":0,"comment_status":"closed","ping_status":"closed","template":"","meta":{"footnotes":""},"class_list":["post-20747","page","type-page","status-publish","hentry"],"_links":{"self":[{"href":"https:\/\/hotelaura.cz\/en\/wp-json\/wp\/v2\/pages\/20747","targetHints":{"allow":["GET"]}}],"collection":[{"href":"https:\/\/hotelaura.cz\/en\/wp-json\/wp\/v2\/pages"}],"about":[{"href":"https:\/\/hotelaura.cz\/en\/wp-json\/wp\/v2\/types\/page"}],"author":[{"embeddable":true,"href":"https:\/\/hotelaura.cz\/en\/wp-json\/wp\/v2\/users\/1"}],"replies":[{"embeddable":true,"href":"https:\/\/hotelaura.cz\/en\/wp-json\/wp\/v2\/comments?post=20747"}],"version-history":[{"count":11,"href":"https:\/\/hotelaura.cz\/en\/wp-json\/wp\/v2\/pages\/20747\/revisions"}],"predecessor-version":[{"id":20838,"href":"https:\/\/hotelaura.cz\/en\/wp-json\/wp\/v2\/pages\/20747\/revisions\/20838"}],"wp:attachment":[{"href":"https:\/\/hotelaura.cz\/en\/wp-json\/wp\/v2\/media?parent=20747"}],"curies":[{"name":"wp","href":"https:\/\/api.w.org\/{rel}","templated":true}]}}